{"id":565,"date":"2021-07-20T12:59:00","date_gmt":"2021-07-20T10:59:00","guid":{"rendered":"https:\/\/www.ferronatoprosecco.it\/die-weine\/prosecco-doc-valdobbiadene\/"},"modified":"2021-07-20T12:59:01","modified_gmt":"2021-07-20T10:59:01","slug":"prosecco-doc-valdobbiadene","status":"publish","type":"page","link":"https:\/\/www.ferronatoprosecco.it\/de\/die-weine\/prosecco-doc-valdobbiadene\/","title":{"rendered":"Prosecco DOC Valdobbiadene"},"content":{"rendered":"\t\t<div data-elementor-type=\"wp-page\" data-elementor-id=\"565\" class=\"elementor elementor-565 elementor-452\" data-elementor-post-type=\"page\">\n\t\t\t\t\t\t<section class=\"elementor-section elementor-top-section elementor-element elementor-element-5d86e71 elementor-section-full_width elementor-section-height-min-height elementor-section-height-default elementor-section-items-middle\" data-id=\"5d86e71\" data-element_type=\"section\" data-e-type=\"section\">\n\t\t\t\t\t\t<div class=\"elementor-container elementor-column-gap-no\">\n\t\t\t\t\t<div class=\"elementor-column elementor-col-100 elementor-top-column elementor-element elementor-element-344ed62\" data-id=\"344ed62\" data-element_type=\"column\" data-e-type=\"column\">\n\t\t\t<div class=\"elementor-widget-wrap elementor-element-populated\">\n\t\t\t\t\t\t<div class=\"elementor-element elementor-element-f59cff3 elementor--h-position-center elementor--v-position-middle elementor-arrows-position-inside elementor-pagination-position-inside elementor-widget elementor-widget-slides\" data-id=\"f59cff3\" data-element_type=\"widget\" data-e-type=\"widget\" data-settings=\"{&quot;navigation&quot;:&quot;both&quot;,&quot;autoplay&quot;:&quot;yes&quot;,&quot;pause_on_hover&quot;:&quot;yes&quot;,&quot;pause_on_interaction&quot;:&quot;yes&quot;,&quot;autoplay_speed&quot;:5000,&quot;infinite&quot;:&quot;yes&quot;,&quot;transition&quot;:&quot;slide&quot;,&quot;transition_speed&quot;:500}\" data-widget_type=\"slides.default\">\n\t\t\t\t<div class=\"elementor-widget-container\">\n\t\t\t\t\t\t\t\t\t<div class=\"elementor-swiper\">\n\t\t\t\t\t<div class=\"elementor-slides-wrapper elementor-main-swiper swiper\" role=\"region\" aria-roledescription=\"carousel\" aria-label=\"Slider\" dir=\"ltr\" data-animation=\"fadeInUp\">\n\t\t\t\t<div class=\"swiper-wrapper elementor-slides\">\n\t\t\t\t\t\t\t\t\t\t<div class=\"elementor-repeater-item-6ea3e02 swiper-slide\" role=\"group\" aria-roledescription=\"slide\"><div class=\"swiper-slide-bg elementor-ken-burns elementor-ken-burns--in\" role=\"img\" aria-label=\"vineyard-428041_1920\"><\/div><div class=\"swiper-slide-inner\" ><div class=\"swiper-slide-contents\"><div class=\"elementor-slide-heading\">Prosecco DOC Pecol<\/div><\/div><\/div><\/div>\t\t\t\t<\/div>\n\t\t\t\t\t\t\t<\/div>\n\t\t\t\t<\/div>\n\t\t\t\t\t\t\t\t<\/div>\n\t\t\t\t<\/div>\n\t\t\t\t\t<\/div>\n\t\t<\/div>\n\t\t\t\t\t<\/div>\n\t\t<\/section>\n\t\t\t\t<section class=\"elementor-section elementor-top-section elementor-element elementor-element-dacd50e elementor-section-full_width elementor-section-height-default elementor-section-height-default\" data-id=\"dacd50e\" data-element_type=\"section\" data-e-type=\"section\" data-settings=\"{&quot;background_background&quot;:&quot;classic&quot;}\">\n\t\t\t\t\t\t<div class=\"elementor-container elementor-column-gap-default\">\n\t\t\t\t\t<div class=\"elementor-column elementor-col-100 elementor-top-column elementor-element elementor-element-72ccfa6\" data-id=\"72ccfa6\" data-element_type=\"column\" data-e-type=\"column\" data-settings=\"{&quot;background_background&quot;:&quot;classic&quot;}\">\n\t\t\t<div class=\"elementor-widget-wrap elementor-element-populated\">\n\t\t\t\t\t\t<div class=\"elementor-element elementor-element-5b3bb1e elementor-widget-divider--view-line elementor-widget elementor-widget-divider\" data-id=\"5b3bb1e\" data-element_type=\"widget\" data-e-type=\"widget\" data-widget_type=\"divider.default\">\n\t\t\t\t<div class=\"elementor-widget-container\">\n\t\t\t\t\t\t\t<div class=\"elementor-divider\">\n\t\t\t<span class=\"elementor-divider-separator\">\n\t\t\t\t\t\t<\/span>\n\t\t<\/div>\n\t\t\t\t\t\t<\/div>\n\t\t\t\t<\/div>\n\t\t\t\t<div class=\"elementor-element elementor-element-0154945 elementor-widget elementor-widget-heading\" data-id=\"0154945\" data-element_type=\"widget\" data-e-type=\"widget\" data-widget_type=\"heading.default\">\n\t\t\t\t<div class=\"elementor-widget-container\">\n\t\t\t\t\t<h2 class=\"elementor-heading-title elementor-size-default\">Herstellung und Direktverkauf von Prosecco DOC Pecol Vino Tranquillo<\/h2>\t\t\t\t<\/div>\n\t\t\t\t<\/div>\n\t\t\t\t<section class=\"elementor-section elementor-inner-section elementor-element elementor-element-8b7aa66 elementor-section-boxed elementor-section-height-default elementor-section-height-default\" data-id=\"8b7aa66\" data-element_type=\"section\" data-e-type=\"section\">\n\t\t\t\t\t\t<div class=\"elementor-container elementor-column-gap-default\">\n\t\t\t\t\t<div class=\"elementor-column elementor-col-33 elementor-inner-column elementor-element elementor-element-151b5af\" data-id=\"151b5af\" data-element_type=\"column\" data-e-type=\"column\">\n\t\t\t<div class=\"elementor-widget-wrap\">\n\t\t\t\t\t\t\t<\/div>\n\t\t<\/div>\n\t\t\t\t<div class=\"elementor-column elementor-col-33 elementor-inner-column elementor-element elementor-element-9271661\" data-id=\"9271661\" data-element_type=\"column\" data-e-type=\"column\">\n\t\t\t<div class=\"elementor-widget-wrap elementor-element-populated\">\n\t\t\t\t\t\t<div class=\"elementor-element elementor-element-b410746 elementor-widget elementor-widget-image\" data-id=\"b410746\" data-element_type=\"widget\" data-e-type=\"widget\" data-widget_type=\"image.default\">\n\t\t\t\t<div class=\"elementor-widget-container\">\n\t\t\t\t\t\t\t\t\t\t\t\t\t\t\t<img decoding=\"async\" src=\"https:\/\/www.ferronatoprosecco.it\/wp-content\/uploads\/elementor\/thumbs\/vino-bianco-IGT-p9tkdhqkql6he9y19xstqi739mu003qx1mm4hcdgrs.png\" title=\"vino-bianco-IGT\" alt=\"vino-bianco-IGT\" loading=\"lazy\" \/>\t\t\t\t\t\t\t\t\t\t\t\t\t\t\t<\/div>\n\t\t\t\t<\/div>\n\t\t\t\t\t<\/div>\n\t\t<\/div>\n\t\t\t\t<div class=\"elementor-column elementor-col-33 elementor-inner-column elementor-element elementor-element-b935b9d\" data-id=\"b935b9d\" data-element_type=\"column\" data-e-type=\"column\">\n\t\t\t<div class=\"elementor-widget-wrap\">\n\t\t\t\t\t\t\t<\/div>\n\t\t<\/div>\n\t\t\t\t\t<\/div>\n\t\t<\/section>\n\t\t\t\t<section class=\"elementor-section elementor-inner-section elementor-element elementor-element-f6563a5 elementor-section-boxed elementor-section-height-default elementor-section-height-default\" data-id=\"f6563a5\" data-element_type=\"section\" data-e-type=\"section\">\n\t\t\t\t\t\t<div class=\"elementor-container elementor-column-gap-default\">\n\t\t\t\t\t<div class=\"elementor-column elementor-col-100 elementor-inner-column elementor-element elementor-element-39b3c5d\" data-id=\"39b3c5d\" data-element_type=\"column\" data-e-type=\"column\">\n\t\t\t<div class=\"elementor-widget-wrap elementor-element-populated\">\n\t\t\t\t\t\t<div class=\"elementor-element elementor-element-f0f8725 elementor-widget elementor-widget-text-editor\" data-id=\"f0f8725\" data-element_type=\"widget\" data-e-type=\"widget\" data-widget_type=\"text-editor.default\">\n\t\t\t\t<div class=\"elementor-widget-container\">\n\t\t\t\t\t\t\t\t\t<p>Im Direktverkauf hochwertiger Prosecco-Produktionen, insbesondere des Valdobbiadene DOCG, geh\u00f6rt unser Weingut zu den besten Weing\u00fctern in dieser wundersch\u00f6nen Gegend.<br \/>\nEntscheiden Sie sich f\u00fcr die Tradition eines familiengef\u00fchrten Weinguts f\u00fcr den Verkauf von Prosecco zertifiziert als &#8222;Prosecco DOCG&#8220;.<br \/>\nF.lli Ferronato, ein Weingut f\u00fcr den Direktverkauf von Qualit\u00e4tsprosecco, bietet Ihnen einen in der Flasche referenzierten Wein: die Pose, die ausschlie\u00dflich aus 100% Glera-Trauben aus den Weinbergen von F.lli Ferronato hergestellt wird.<\/p>\n\t\t\t\t\t\t\t\t<\/div>\n\t\t\t\t<\/div>\n\t\t\t\t\t<\/div>\n\t\t<\/div>\n\t\t\t\t\t<\/div>\n\t\t<\/section>\n\t\t\t\t<div class=\"elementor-element elementor-element-628d680 elementor-widget-divider--view-line elementor-widget elementor-widget-divider\" data-id=\"628d680\" data-element_type=\"widget\" data-e-type=\"widget\" data-widget_type=\"divider.default\">\n\t\t\t\t<div class=\"elementor-widget-container\">\n\t\t\t\t\t\t\t<div class=\"elementor-divider\">\n\t\t\t<span class=\"elementor-divider-separator\">\n\t\t\t\t\t\t<\/span>\n\t\t<\/div>\n\t\t\t\t\t\t<\/div>\n\t\t\t\t<\/div>\n\t\t\t\t\t<\/div>\n\t\t<\/div>\n\t\t\t\t\t<\/div>\n\t\t<\/section>\n\t\t\t\t<\/div>\n\t\t","protected":false},"excerpt":{"rendered":"<p>Prosecco DOC Pecol Herstellung und Direktverkauf von Prosecco DOC Pecol Vino Tranquillo Im Direktverkauf hochwertiger Prosecco-Produktionen, insbesondere des Valdobbiadene DOCG, geh\u00f6rt unser Weingut zu den besten Weing\u00fctern in dieser wundersch\u00f6nen Gegend. Entscheiden Sie sich f\u00fcr die Tradition eines familiengef\u00fchrten Weinguts f\u00fcr den Verkauf von Prosecco zertifiziert als &#8222;Prosecco DOCG&#8220;. F.lli Ferronato, ein Weingut f\u00fcr den [&hellip;]<\/p>\n","protected":false},"author":1,"featured_media":0,"parent":558,"menu_order":0,"comment_status":"closed","ping_status":"closed","template":"elementor_header_footer","meta":{"ocean_post_layout":"","ocean_both_sidebars_style":"","ocean_both_sidebars_content_width":0,"ocean_both_sidebars_sidebars_width":0,"ocean_sidebar":"0","ocean_second_sidebar":"0","ocean_disable_margins":"enable","ocean_add_body_class":"","ocean_shortcode_before_top_bar":"","ocean_shortcode_after_top_bar":"","ocean_shortcode_before_header":"","ocean_shortcode_after_header":"","ocean_has_shortcode":"","ocean_shortcode_after_title":"","ocean_shortcode_before_footer_widgets":"","ocean_shortcode_after_footer_widgets":"","ocean_shortcode_before_footer_bottom":"","ocean_shortcode_after_footer_bottom":"","ocean_display_top_bar":"default","ocean_display_header":"default","ocean_header_style":"","ocean_center_header_left_menu":"0","ocean_custom_header_template":"0","ocean_custom_logo":0,"ocean_custom_retina_logo":0,"ocean_custom_logo_max_width":0,"ocean_custom_logo_tablet_max_width":0,"ocean_custom_logo_mobile_max_width":0,"ocean_custom_logo_max_height":0,"ocean_custom_logo_tablet_max_height":0,"ocean_custom_logo_mobile_max_height":0,"ocean_header_custom_menu":"0","ocean_menu_typo_font_family":"0","ocean_menu_typo_font_subset":"","ocean_menu_typo_font_size":0,"ocean_menu_typo_font_size_tablet":0,"ocean_menu_typo_font_size_mobile":0,"ocean_menu_typo_font_size_unit":"px","ocean_menu_typo_font_weight":"","ocean_menu_typo_font_weight_tablet":"","ocean_menu_typo_font_weight_mobile":"","ocean_menu_typo_transform":"","ocean_menu_typo_transform_tablet":"","ocean_menu_typo_transform_mobile":"","ocean_menu_typo_line_height":0,"ocean_menu_typo_line_height_tablet":0,"ocean_menu_typo_line_height_mobile":0,"ocean_menu_typo_line_height_unit":"","ocean_menu_typo_spacing":0,"ocean_menu_typo_spacing_tablet":0,"ocean_menu_typo_spacing_mobile":0,"ocean_menu_typo_spacing_unit":"","ocean_menu_link_color":"","ocean_menu_link_color_hover":"","ocean_menu_link_color_active":"","ocean_menu_link_background":"","ocean_menu_link_hover_background":"","ocean_menu_link_active_background":"","ocean_menu_social_links_bg":"","ocean_menu_social_hover_links_bg":"","ocean_menu_social_links_color":"","ocean_menu_social_hover_links_color":"","ocean_disable_title":"default","ocean_disable_heading":"default","ocean_post_title":"","ocean_post_subheading":"","ocean_post_title_style":"","ocean_post_title_background_color":"","ocean_post_title_background":0,"ocean_post_title_bg_image_position":"","ocean_post_title_bg_image_attachment":"","ocean_post_title_bg_image_repeat":"","ocean_post_title_bg_image_size":"","ocean_post_title_height":0,"ocean_post_title_bg_overlay":0.5,"ocean_post_title_bg_overlay_color":"","ocean_disable_breadcrumbs":"default","ocean_breadcrumbs_color":"","ocean_breadcrumbs_separator_color":"","ocean_breadcrumbs_links_color":"","ocean_breadcrumbs_links_hover_color":"","ocean_display_footer_widgets":"default","ocean_display_footer_bottom":"default","ocean_custom_footer_template":"0","footnotes":""},"class_list":["post-565","page","type-page","status-publish","hentry","entry"],"yoast_head":"<!-- This site is optimized with the Yoast SEO plugin v27.4 - https:\/\/yoast.com\/product\/yoast-seo-wordpress\/ -->\n<title>Prosecco DOC von Valdobbiadene - Pecol Quiet Wine<\/title>\n<meta name=\"description\" content=\"Nicht nur Prosecco DOC von Valdobbiadene: Entdecken Sie den &quot;Pecol Still Wine&quot; von Ferronato Prosecco: ein Wein mit s\u00fc\u00df \/ bitterem Geschmack, der hervorragend zu Risotto passt\" \/>\n<meta name=\"robots\" content=\"index, follow, max-snippet:-1, max-image-preview:large, max-video-preview:-1\" \/>\n<link rel=\"canonical\" href=\"https:\/\/www.ferronatoprosecco.it\/vini\/prosecco-doc-valdobbiadene\/\" \/>\n<meta property=\"og:locale\" content=\"de_DE\" \/>\n<meta property=\"og:type\" content=\"article\" \/>\n<meta property=\"og:title\" content=\"Prosecco DOC von Valdobbiadene - Pecol Quiet Wine\" \/>\n<meta property=\"og:description\" content=\"Nicht nur Prosecco DOC von Valdobbiadene: Entdecken Sie den &quot;Pecol Still Wine&quot; von Ferronato Prosecco: ein Wein mit s\u00fc\u00df \/ bitterem Geschmack, der hervorragend zu Risotto passt\" \/>\n<meta property=\"og:url\" content=\"https:\/\/www.ferronatoprosecco.it\/vini\/prosecco-doc-valdobbiadene\/\" \/>\n<meta property=\"og:site_name\" content=\"Ferronato prosecco\" \/>\n<meta property=\"article:modified_time\" content=\"2021-07-20T10:59:01+00:00\" \/>\n<meta property=\"og:image\" content=\"http:\/\/www.ferronatoprosecco.it\/wp-content\/uploads\/elementor\/thumbs\/vino-bianco-IGT-p9tkdhqkql6he9y19xstqi739mu003qx1mm4hcddoo.png\" \/>\n<meta name=\"twitter:card\" content=\"summary_large_image\" \/>\n<script type=\"application\/ld+json\" class=\"yoast-schema-graph\">{\"@context\":\"https:\\\/\\\/schema.org\",\"@graph\":[{\"@type\":\"WebPage\",\"@id\":\"https:\\\/\\\/www.ferronatoprosecco.it\\\/vini\\\/prosecco-doc-valdobbiadene\\\/\",\"url\":\"https:\\\/\\\/www.ferronatoprosecco.it\\\/vini\\\/prosecco-doc-valdobbiadene\\\/\",\"name\":\"Prosecco DOC von Valdobbiadene - Pecol Quiet Wine\",\"isPartOf\":{\"@id\":\"https:\\\/\\\/www.ferronatoprosecco.it\\\/#website\"},\"primaryImageOfPage\":{\"@id\":\"https:\\\/\\\/www.ferronatoprosecco.it\\\/vini\\\/prosecco-doc-valdobbiadene\\\/#primaryimage\"},\"image\":{\"@id\":\"https:\\\/\\\/www.ferronatoprosecco.it\\\/vini\\\/prosecco-doc-valdobbiadene\\\/#primaryimage\"},\"thumbnailUrl\":\"http:\\\/\\\/www.ferronatoprosecco.it\\\/wp-content\\\/uploads\\\/elementor\\\/thumbs\\\/vino-bianco-IGT-p9tkdhqkql6he9y19xstqi739mu003qx1mm4hcddoo.png\",\"datePublished\":\"2021-07-20T10:59:00+00:00\",\"dateModified\":\"2021-07-20T10:59:01+00:00\",\"description\":\"Nicht nur Prosecco DOC von Valdobbiadene: Entdecken Sie den \\\"Pecol Still Wine\\\" von Ferronato Prosecco: ein Wein mit s\u00fc\u00df \\\/ bitterem Geschmack, der hervorragend zu Risotto passt\",\"breadcrumb\":{\"@id\":\"https:\\\/\\\/www.ferronatoprosecco.it\\\/vini\\\/prosecco-doc-valdobbiadene\\\/#breadcrumb\"},\"inLanguage\":\"de\",\"potentialAction\":[{\"@type\":\"ReadAction\",\"target\":[\"https:\\\/\\\/www.ferronatoprosecco.it\\\/vini\\\/prosecco-doc-valdobbiadene\\\/\"]}]},{\"@type\":\"ImageObject\",\"inLanguage\":\"de\",\"@id\":\"https:\\\/\\\/www.ferronatoprosecco.it\\\/vini\\\/prosecco-doc-valdobbiadene\\\/#primaryimage\",\"url\":\"http:\\\/\\\/www.ferronatoprosecco.it\\\/wp-content\\\/uploads\\\/elementor\\\/thumbs\\\/vino-bianco-IGT-p9tkdhqkql6he9y19xstqi739mu003qx1mm4hcddoo.png\",\"contentUrl\":\"http:\\\/\\\/www.ferronatoprosecco.it\\\/wp-content\\\/uploads\\\/elementor\\\/thumbs\\\/vino-bianco-IGT-p9tkdhqkql6he9y19xstqi739mu003qx1mm4hcddoo.png\"},{\"@type\":\"BreadcrumbList\",\"@id\":\"https:\\\/\\\/www.ferronatoprosecco.it\\\/vini\\\/prosecco-doc-valdobbiadene\\\/#breadcrumb\",\"itemListElement\":[{\"@type\":\"ListItem\",\"position\":1,\"name\":\"Home\",\"item\":\"https:\\\/\\\/www.ferronatoprosecco.it\\\/\"},{\"@type\":\"ListItem\",\"position\":2,\"name\":\"Die Weine\",\"item\":\"https:\\\/\\\/www.ferronatoprosecco.it\\\/vini\\\/\"},{\"@type\":\"ListItem\",\"position\":3,\"name\":\"Prosecco DOC Valdobbiadene\"}]},{\"@type\":\"WebSite\",\"@id\":\"https:\\\/\\\/www.ferronatoprosecco.it\\\/#website\",\"url\":\"https:\\\/\\\/www.ferronatoprosecco.it\\\/\",\"name\":\"Ferronato prosecco\",\"description\":\"\",\"publisher\":{\"@id\":\"https:\\\/\\\/www.ferronatoprosecco.it\\\/#organization\"},\"potentialAction\":[{\"@type\":\"SearchAction\",\"target\":{\"@type\":\"EntryPoint\",\"urlTemplate\":\"https:\\\/\\\/www.ferronatoprosecco.it\\\/?s={search_term_string}\"},\"query-input\":{\"@type\":\"PropertyValueSpecification\",\"valueRequired\":true,\"valueName\":\"search_term_string\"}}],\"inLanguage\":\"de\"},{\"@type\":\"Organization\",\"@id\":\"https:\\\/\\\/www.ferronatoprosecco.it\\\/#organization\",\"name\":\"Ferronato prosecco\",\"url\":\"https:\\\/\\\/www.ferronatoprosecco.it\\\/\",\"logo\":{\"@type\":\"ImageObject\",\"inLanguage\":\"de\",\"@id\":\"https:\\\/\\\/www.ferronatoprosecco.it\\\/#\\\/schema\\\/logo\\\/image\\\/\",\"url\":\"https:\\\/\\\/www.ferronatoprosecco.it\\\/wp-content\\\/uploads\\\/2021\\\/07\\\/logoferronatoprosecco.png\",\"contentUrl\":\"https:\\\/\\\/www.ferronatoprosecco.it\\\/wp-content\\\/uploads\\\/2021\\\/07\\\/logoferronatoprosecco.png\",\"width\":834,\"height\":1181,\"caption\":\"Ferronato prosecco\"},\"image\":{\"@id\":\"https:\\\/\\\/www.ferronatoprosecco.it\\\/#\\\/schema\\\/logo\\\/image\\\/\"}}]}<\/script>\n<!-- \/ Yoast SEO plugin. -->","yoast_head_json":{"title":"Prosecco DOC von Valdobbiadene - Pecol Quiet Wine","description":"Nicht nur Prosecco DOC von Valdobbiadene: Entdecken Sie den \"Pecol Still Wine\" von Ferronato Prosecco: ein Wein mit s\u00fc\u00df \/ bitterem Geschmack, der hervorragend zu Risotto passt","robots":{"index":"index","follow":"follow","max-snippet":"max-snippet:-1","max-image-preview":"max-image-preview:large","max-video-preview":"max-video-preview:-1"},"canonical":"https:\/\/www.ferronatoprosecco.it\/vini\/prosecco-doc-valdobbiadene\/","og_locale":"de_DE","og_type":"article","og_title":"Prosecco DOC von Valdobbiadene - Pecol Quiet Wine","og_description":"Nicht nur Prosecco DOC von Valdobbiadene: Entdecken Sie den \"Pecol Still Wine\" von Ferronato Prosecco: ein Wein mit s\u00fc\u00df \/ bitterem Geschmack, der hervorragend zu Risotto passt","og_url":"https:\/\/www.ferronatoprosecco.it\/vini\/prosecco-doc-valdobbiadene\/","og_site_name":"Ferronato prosecco","article_modified_time":"2021-07-20T10:59:01+00:00","og_image":[{"url":"http:\/\/www.ferronatoprosecco.it\/wp-content\/uploads\/elementor\/thumbs\/vino-bianco-IGT-p9tkdhqkql6he9y19xstqi739mu003qx1mm4hcddoo.png","type":"","width":"","height":""}],"twitter_card":"summary_large_image","schema":{"@context":"https:\/\/schema.org","@graph":[{"@type":"WebPage","@id":"https:\/\/www.ferronatoprosecco.it\/vini\/prosecco-doc-valdobbiadene\/","url":"https:\/\/www.ferronatoprosecco.it\/vini\/prosecco-doc-valdobbiadene\/","name":"Prosecco DOC von Valdobbiadene - Pecol Quiet Wine","isPartOf":{"@id":"https:\/\/www.ferronatoprosecco.it\/#website"},"primaryImageOfPage":{"@id":"https:\/\/www.ferronatoprosecco.it\/vini\/prosecco-doc-valdobbiadene\/#primaryimage"},"image":{"@id":"https:\/\/www.ferronatoprosecco.it\/vini\/prosecco-doc-valdobbiadene\/#primaryimage"},"thumbnailUrl":"http:\/\/www.ferronatoprosecco.it\/wp-content\/uploads\/elementor\/thumbs\/vino-bianco-IGT-p9tkdhqkql6he9y19xstqi739mu003qx1mm4hcddoo.png","datePublished":"2021-07-20T10:59:00+00:00","dateModified":"2021-07-20T10:59:01+00:00","description":"Nicht nur Prosecco DOC von Valdobbiadene: Entdecken Sie den \"Pecol Still Wine\" von Ferronato Prosecco: ein Wein mit s\u00fc\u00df \/ bitterem Geschmack, der hervorragend zu Risotto passt","breadcrumb":{"@id":"https:\/\/www.ferronatoprosecco.it\/vini\/prosecco-doc-valdobbiadene\/#breadcrumb"},"inLanguage":"de","potentialAction":[{"@type":"ReadAction","target":["https:\/\/www.ferronatoprosecco.it\/vini\/prosecco-doc-valdobbiadene\/"]}]},{"@type":"ImageObject","inLanguage":"de","@id":"https:\/\/www.ferronatoprosecco.it\/vini\/prosecco-doc-valdobbiadene\/#primaryimage","url":"http:\/\/www.ferronatoprosecco.it\/wp-content\/uploads\/elementor\/thumbs\/vino-bianco-IGT-p9tkdhqkql6he9y19xstqi739mu003qx1mm4hcddoo.png","contentUrl":"http:\/\/www.ferronatoprosecco.it\/wp-content\/uploads\/elementor\/thumbs\/vino-bianco-IGT-p9tkdhqkql6he9y19xstqi739mu003qx1mm4hcddoo.png"},{"@type":"BreadcrumbList","@id":"https:\/\/www.ferronatoprosecco.it\/vini\/prosecco-doc-valdobbiadene\/#breadcrumb","itemListElement":[{"@type":"ListItem","position":1,"name":"Home","item":"https:\/\/www.ferronatoprosecco.it\/"},{"@type":"ListItem","position":2,"name":"Die Weine","item":"https:\/\/www.ferronatoprosecco.it\/vini\/"},{"@type":"ListItem","position":3,"name":"Prosecco DOC Valdobbiadene"}]},{"@type":"WebSite","@id":"https:\/\/www.ferronatoprosecco.it\/#website","url":"https:\/\/www.ferronatoprosecco.it\/","name":"Ferronato prosecco","description":"","publisher":{"@id":"https:\/\/www.ferronatoprosecco.it\/#organization"},"potentialAction":[{"@type":"SearchAction","target":{"@type":"EntryPoint","urlTemplate":"https:\/\/www.ferronatoprosecco.it\/?s={search_term_string}"},"query-input":{"@type":"PropertyValueSpecification","valueRequired":true,"valueName":"search_term_string"}}],"inLanguage":"de"},{"@type":"Organization","@id":"https:\/\/www.ferronatoprosecco.it\/#organization","name":"Ferronato prosecco","url":"https:\/\/www.ferronatoprosecco.it\/","logo":{"@type":"ImageObject","inLanguage":"de","@id":"https:\/\/www.ferronatoprosecco.it\/#\/schema\/logo\/image\/","url":"https:\/\/www.ferronatoprosecco.it\/wp-content\/uploads\/2021\/07\/logoferronatoprosecco.png","contentUrl":"https:\/\/www.ferronatoprosecco.it\/wp-content\/uploads\/2021\/07\/logoferronatoprosecco.png","width":834,"height":1181,"caption":"Ferronato prosecco"},"image":{"@id":"https:\/\/www.ferronatoprosecco.it\/#\/schema\/logo\/image\/"}}]}},"_links":{"self":[{"href":"https:\/\/www.ferronatoprosecco.it\/de\/wp-json\/wp\/v2\/pages\/565","targetHints":{"allow":["GET"]}}],"collection":[{"href":"https:\/\/www.ferronatoprosecco.it\/de\/wp-json\/wp\/v2\/pages"}],"about":[{"href":"https:\/\/www.ferronatoprosecco.it\/de\/wp-json\/wp\/v2\/types\/page"}],"author":[{"embeddable":true,"href":"https:\/\/www.ferronatoprosecco.it\/de\/wp-json\/wp\/v2\/users\/1"}],"replies":[{"embeddable":true,"href":"https:\/\/www.ferronatoprosecco.it\/de\/wp-json\/wp\/v2\/comments?post=565"}],"version-history":[{"count":0,"href":"https:\/\/www.ferronatoprosecco.it\/de\/wp-json\/wp\/v2\/pages\/565\/revisions"}],"up":[{"embeddable":true,"href":"https:\/\/www.ferronatoprosecco.it\/de\/wp-json\/wp\/v2\/pages\/558"}],"wp:attachment":[{"href":"https:\/\/www.ferronatoprosecco.it\/de\/wp-json\/wp\/v2\/media?parent=565"}],"curies":[{"name":"wp","href":"https:\/\/api.w.org\/{rel}","templated":true}]}}