{"id":541,"date":"2021-07-20T12:07:12","date_gmt":"2021-07-20T10:07:12","guid":{"rendered":"https:\/\/www.ferronatoprosecco.it\/prosecco-strasse\/"},"modified":"2021-07-20T12:07:12","modified_gmt":"2021-07-20T10:07:12","slug":"prosecco-strasse","status":"publish","type":"page","link":"https:\/\/www.ferronatoprosecco.it\/de\/territorium\/prosecco-strasse\/","title":{"rendered":"Prosecco-Stra\u00dfe"},"content":{"rendered":"\t\t<div data-elementor-type=\"wp-page\" data-elementor-id=\"541\" class=\"elementor elementor-541 elementor-119\" data-elementor-post-type=\"page\">\n\t\t\t\t\t\t<section class=\"elementor-section elementor-top-section elementor-element elementor-element-6072381 elementor-section-full_width elementor-section-height-min-height elementor-section-height-default elementor-section-items-middle\" data-id=\"6072381\" data-element_type=\"section\" data-e-type=\"section\">\n\t\t\t\t\t\t<div class=\"elementor-container elementor-column-gap-no\">\n\t\t\t\t\t<div class=\"elementor-column elementor-col-100 elementor-top-column elementor-element elementor-element-7ec2bd4\" data-id=\"7ec2bd4\" data-element_type=\"column\" data-e-type=\"column\">\n\t\t\t<div class=\"elementor-widget-wrap elementor-element-populated\">\n\t\t\t\t\t\t<div class=\"elementor-element elementor-element-bcfc814 elementor--h-position-center elementor--v-position-middle elementor-arrows-position-inside elementor-pagination-position-inside elementor-widget elementor-widget-slides\" data-id=\"bcfc814\" data-element_type=\"widget\" data-e-type=\"widget\" data-settings=\"{&quot;navigation&quot;:&quot;both&quot;,&quot;autoplay&quot;:&quot;yes&quot;,&quot;pause_on_hover&quot;:&quot;yes&quot;,&quot;pause_on_interaction&quot;:&quot;yes&quot;,&quot;autoplay_speed&quot;:5000,&quot;infinite&quot;:&quot;yes&quot;,&quot;transition&quot;:&quot;slide&quot;,&quot;transition_speed&quot;:500}\" data-widget_type=\"slides.default\">\n\t\t\t\t<div class=\"elementor-widget-container\">\n\t\t\t\t\t\t\t\t\t<div class=\"elementor-swiper\">\n\t\t\t\t\t<div class=\"elementor-slides-wrapper elementor-main-swiper swiper\" role=\"region\" aria-roledescription=\"carousel\" aria-label=\"Slider\" dir=\"ltr\" data-animation=\"fadeInUp\">\n\t\t\t\t<div class=\"swiper-wrapper elementor-slides\">\n\t\t\t\t\t\t\t\t\t\t<div class=\"elementor-repeater-item-6ea3e02 swiper-slide\" role=\"group\" aria-roledescription=\"slide\"><div class=\"swiper-slide-bg elementor-ken-burns elementor-ken-burns--in\" role=\"img\" aria-label=\"vineyard-428041_1920\"><\/div><div class=\"swiper-slide-inner\" ><div class=\"swiper-slide-contents\"><div class=\"elementor-slide-heading\">Prosecco-Stra\u00dfe<\/div><div class=\"elementor-slide-description\"><p>Von Conegliano nach Valdobbiadene schl\u00e4ngelt sich die 1966 erbaute Prosecco-Stra\u00dfe als erstes Beispiel einer italienischen Weinroute.<br \/>\n120 Kilometer lang, ist es ein Bezugspunkt f\u00fcr den Gastronomie- und Weintourismus in Veneto und in Italien.<\/p>\n<\/div><\/div><\/div><\/div>\t\t\t\t<\/div>\n\t\t\t\t\t\t\t<\/div>\n\t\t\t\t<\/div>\n\t\t\t\t\t\t\t\t<\/div>\n\t\t\t\t<\/div>\n\t\t\t\t\t<\/div>\n\t\t<\/div>\n\t\t\t\t\t<\/div>\n\t\t<\/section>\n\t\t\t\t<section class=\"elementor-section elementor-top-section elementor-element elementor-element-7e833cd elementor-section-full_width elementor-section-height-min-height elementor-section-items-stretch elementor-section-height-default\" data-id=\"7e833cd\" data-element_type=\"section\" data-e-type=\"section\">\n\t\t\t\t\t\t<div class=\"elementor-container elementor-column-gap-no\">\n\t\t\t\t\t<div class=\"elementor-column elementor-col-100 elementor-top-column elementor-element elementor-element-b7eaa6c\" data-id=\"b7eaa6c\" data-element_type=\"column\" data-e-type=\"column\" data-settings=\"{&quot;background_background&quot;:&quot;classic&quot;}\">\n\t\t\t<div class=\"elementor-widget-wrap elementor-element-populated\">\n\t\t\t\t\t\t<div class=\"elementor-element elementor-element-41d40f1 elementor-widget-divider--view-line elementor-widget elementor-widget-divider\" data-id=\"41d40f1\" data-element_type=\"widget\" data-e-type=\"widget\" data-widget_type=\"divider.default\">\n\t\t\t\t<div class=\"elementor-widget-container\">\n\t\t\t\t\t\t\t<div class=\"elementor-divider\">\n\t\t\t<span class=\"elementor-divider-separator\">\n\t\t\t\t\t\t<\/span>\n\t\t<\/div>\n\t\t\t\t\t\t<\/div>\n\t\t\t\t<\/div>\n\t\t\t\t<div class=\"elementor-element elementor-element-fefa0a1 elementor-widget elementor-widget-heading\" data-id=\"fefa0a1\" data-element_type=\"widget\" data-e-type=\"widget\" data-widget_type=\"heading.default\">\n\t\t\t\t<div class=\"elementor-widget-container\">\n\t\t\t\t\t<h1 class=\"elementor-heading-title elementor-size-default\">Die DOCG-Stra\u00dfe des Prosecco di Valdobbiadene<\/h1>\t\t\t\t<\/div>\n\t\t\t\t<\/div>\n\t\t\t\t<div class=\"elementor-element elementor-element-efab98a elementor-widget elementor-widget-text-editor\" data-id=\"efab98a\" data-element_type=\"widget\" data-e-type=\"widget\" data-widget_type=\"text-editor.default\">\n\t\t\t\t<div class=\"elementor-widget-container\">\n\t\t\t\t\t\t\t\t\t<p>Die Wilern sie k\u00f6nnen entlang der Strada del Prosecco treffen sindSan Pietro di Barbozza, Saccol, San Giovanni, Santo Stefano, Guia, wo  Kirchen verstreuten H\u00fcgel aufeinander folgen und wo eine Weite von Weinbergen das Panorama dominiert; Weiter in Richtung Vittorio Veneto treffen wir Vidor, Miane und Follina mit ihrer Zisterzienserabtei aus dem Jahr 1335.<br \/>\nNicht weit entfernt liegt die alte Burg Castelbrando in Cison di Valmarino und weiter, nach Vittorio Veneto, das bezaubernde Dorf Serravalle aus der Zeit der Romanik.<\/p>\n<p>Durch alte D\u00f6rfer, herrliche Panoramen, Weinberge und Landstra\u00dfen f\u00fchrt Sie die Prosecco-Route zur Wiederentdeckung des Territoriums, der Wiege des Prosecco DOCG, der Exzellenz in der Welt.<\/p>\n<p>Ihr findet uns entlang der Proseccostra\u00dfe, in Col San Martino (Farra di Soligo).<br \/>\nUnseres ist eines der besten Weing\u00fcter in dieser Gegend. F.lli Ferronato: Direktverkauf von hochwertiger Prosecco!<\/p>\n\t\t\t\t\t\t\t\t<\/div>\n\t\t\t\t<\/div>\n\t\t\t\t<div class=\"elementor-element elementor-element-9c2afb1 elementor-widget-divider--view-line elementor-widget elementor-widget-divider\" data-id=\"9c2afb1\" data-element_type=\"widget\" data-e-type=\"widget\" data-widget_type=\"divider.default\">\n\t\t\t\t<div class=\"elementor-widget-container\">\n\t\t\t\t\t\t\t<div class=\"elementor-divider\">\n\t\t\t<span class=\"elementor-divider-separator\">\n\t\t\t\t\t\t<\/span>\n\t\t<\/div>\n\t\t\t\t\t\t<\/div>\n\t\t\t\t<\/div>\n\t\t\t\t\t<\/div>\n\t\t<\/div>\n\t\t\t\t\t<\/div>\n\t\t<\/section>\n\t\t\t\t<\/div>\n\t\t","protected":false},"excerpt":{"rendered":"<p>Prosecco-Stra\u00dfe Von Conegliano nach Valdobbiadene schl\u00e4ngelt sich die 1966 erbaute Prosecco-Stra\u00dfe als erstes Beispiel einer italienischen Weinroute. 120 Kilometer lang, ist es ein Bezugspunkt f\u00fcr den Gastronomie- und Weintourismus in Veneto und in Italien. Die DOCG-Stra\u00dfe des Prosecco di Valdobbiadene Die Wilern sie k\u00f6nnen entlang der Strada del Prosecco treffen sindSan Pietro di Barbozza, Saccol, [&hellip;]<\/p>\n","protected":false},"author":1,"featured_media":0,"parent":545,"menu_order":0,"comment_status":"closed","ping_status":"closed","template":"elementor_header_footer","meta":{"ocean_post_layout":"","ocean_both_sidebars_style":"","ocean_both_sidebars_content_width":0,"ocean_both_sidebars_sidebars_width":0,"ocean_sidebar":"0","ocean_second_sidebar":"0","ocean_disable_margins":"enable","ocean_add_body_class":"","ocean_shortcode_before_top_bar":"","ocean_shortcode_after_top_bar":"","ocean_shortcode_before_header":"","ocean_shortcode_after_header":"","ocean_has_shortcode":"","ocean_shortcode_after_title":"","ocean_shortcode_before_footer_widgets":"","ocean_shortcode_after_footer_widgets":"","ocean_shortcode_before_footer_bottom":"","ocean_shortcode_after_footer_bottom":"","ocean_display_top_bar":"default","ocean_display_header":"default","ocean_header_style":"","ocean_center_header_left_menu":"0","ocean_custom_header_template":"0","ocean_custom_logo":0,"ocean_custom_retina_logo":0,"ocean_custom_logo_max_width":0,"ocean_custom_logo_tablet_max_width":0,"ocean_custom_logo_mobile_max_width":0,"ocean_custom_logo_max_height":0,"ocean_custom_logo_tablet_max_height":0,"ocean_custom_logo_mobile_max_height":0,"ocean_header_custom_menu":"0","ocean_menu_typo_font_family":"0","ocean_menu_typo_font_subset":"","ocean_menu_typo_font_size":0,"ocean_menu_typo_font_size_tablet":0,"ocean_menu_typo_font_size_mobile":0,"ocean_menu_typo_font_size_unit":"px","ocean_menu_typo_font_weight":"","ocean_menu_typo_font_weight_tablet":"","ocean_menu_typo_font_weight_mobile":"","ocean_menu_typo_transform":"","ocean_menu_typo_transform_tablet":"","ocean_menu_typo_transform_mobile":"","ocean_menu_typo_line_height":0,"ocean_menu_typo_line_height_tablet":0,"ocean_menu_typo_line_height_mobile":0,"ocean_menu_typo_line_height_unit":"","ocean_menu_typo_spacing":0,"ocean_menu_typo_spacing_tablet":0,"ocean_menu_typo_spacing_mobile":0,"ocean_menu_typo_spacing_unit":"","ocean_menu_link_color":"","ocean_menu_link_color_hover":"","ocean_menu_link_color_active":"","ocean_menu_link_background":"","ocean_menu_link_hover_background":"","ocean_menu_link_active_background":"","ocean_menu_social_links_bg":"","ocean_menu_social_hover_links_bg":"","ocean_menu_social_links_color":"","ocean_menu_social_hover_links_color":"","ocean_disable_title":"default","ocean_disable_heading":"default","ocean_post_title":"","ocean_post_subheading":"","ocean_post_title_style":"","ocean_post_title_background_color":"","ocean_post_title_background":0,"ocean_post_title_bg_image_position":"","ocean_post_title_bg_image_attachment":"","ocean_post_title_bg_image_repeat":"","ocean_post_title_bg_image_size":"","ocean_post_title_height":0,"ocean_post_title_bg_overlay":0.5,"ocean_post_title_bg_overlay_color":"","ocean_disable_breadcrumbs":"default","ocean_breadcrumbs_color":"","ocean_breadcrumbs_separator_color":"","ocean_breadcrumbs_links_color":"","ocean_breadcrumbs_links_hover_color":"","ocean_display_footer_widgets":"default","ocean_display_footer_bottom":"default","ocean_custom_footer_template":"0","footnotes":""},"class_list":["post-541","page","type-page","status-publish","hentry","entry"],"yoast_head":"<!-- This site is optimized with the Yoast SEO plugin v27.5 - https:\/\/yoast.com\/product\/yoast-seo-wordpress\/ -->\n<title>Prosecco Valdobbiadene DOCG und die Prosecco-Route<\/title>\n<meta name=\"description\" content=\"Die Prosecco-Route ist eine Route, die den Liebhabern des Prosecco di Valdobbiadene DOCG gewidmet ist. Lesen Sie den Artikel und entdecken Sie die Etappen\" \/>\n<meta name=\"robots\" content=\"index, follow, max-snippet:-1, max-image-preview:large, max-video-preview:-1\" \/>\n<link rel=\"canonical\" href=\"https:\/\/www.ferronatoprosecco.it\/de\/territorium\/prosecco-strasse\/\" \/>\n<meta property=\"og:locale\" content=\"de_DE\" \/>\n<meta property=\"og:type\" content=\"article\" \/>\n<meta property=\"og:title\" content=\"Prosecco Valdobbiadene DOCG und die Prosecco-Route\" \/>\n<meta property=\"og:description\" content=\"Die Prosecco-Route ist eine Route, die den Liebhabern des Prosecco di Valdobbiadene DOCG gewidmet ist. Lesen Sie den Artikel und entdecken Sie die Etappen\" \/>\n<meta property=\"og:url\" content=\"https:\/\/www.ferronatoprosecco.it\/de\/territorium\/prosecco-strasse\/\" \/>\n<meta property=\"og:site_name\" content=\"Ferronato prosecco\" \/>\n<meta name=\"twitter:card\" content=\"summary_large_image\" \/>\n<meta name=\"twitter:label1\" content=\"Gesch\u00e4tzte Lesezeit\" \/>\n\t<meta name=\"twitter:data1\" content=\"1\u00a0Minute\" \/>\n<script type=\"application\/ld+json\" class=\"yoast-schema-graph\">{\"@context\":\"https:\\\/\\\/schema.org\",\"@graph\":[{\"@type\":\"WebPage\",\"@id\":\"https:\\\/\\\/www.ferronatoprosecco.it\\\/de\\\/territorium\\\/prosecco-strasse\\\/\",\"url\":\"https:\\\/\\\/www.ferronatoprosecco.it\\\/de\\\/territorium\\\/prosecco-strasse\\\/\",\"name\":\"Prosecco Valdobbiadene DOCG und die Prosecco-Route\",\"isPartOf\":{\"@id\":\"https:\\\/\\\/www.ferronatoprosecco.it\\\/#website\"},\"datePublished\":\"2021-07-20T10:07:12+00:00\",\"description\":\"Die Prosecco-Route ist eine Route, die den Liebhabern des Prosecco di Valdobbiadene DOCG gewidmet ist. Lesen Sie den Artikel und entdecken Sie die Etappen\",\"breadcrumb\":{\"@id\":\"https:\\\/\\\/www.ferronatoprosecco.it\\\/de\\\/territorium\\\/prosecco-strasse\\\/#breadcrumb\"},\"inLanguage\":\"de\",\"potentialAction\":[{\"@type\":\"ReadAction\",\"target\":[\"https:\\\/\\\/www.ferronatoprosecco.it\\\/de\\\/territorium\\\/prosecco-strasse\\\/\"]}]},{\"@type\":\"BreadcrumbList\",\"@id\":\"https:\\\/\\\/www.ferronatoprosecco.it\\\/de\\\/territorium\\\/prosecco-strasse\\\/#breadcrumb\",\"itemListElement\":[{\"@type\":\"ListItem\",\"position\":1,\"name\":\"Home\",\"item\":\"https:\\\/\\\/www.ferronatoprosecco.it\\\/\"},{\"@type\":\"ListItem\",\"position\":2,\"name\":\"Territorium\",\"item\":\"https:\\\/\\\/www.ferronatoprosecco.it\\\/de\\\/territorium\\\/\"},{\"@type\":\"ListItem\",\"position\":3,\"name\":\"Prosecco-Stra\u00dfe\"}]},{\"@type\":\"WebSite\",\"@id\":\"https:\\\/\\\/www.ferronatoprosecco.it\\\/#website\",\"url\":\"https:\\\/\\\/www.ferronatoprosecco.it\\\/\",\"name\":\"Ferronato prosecco\",\"description\":\"\",\"publisher\":{\"@id\":\"https:\\\/\\\/www.ferronatoprosecco.it\\\/#organization\"},\"potentialAction\":[{\"@type\":\"SearchAction\",\"target\":{\"@type\":\"EntryPoint\",\"urlTemplate\":\"https:\\\/\\\/www.ferronatoprosecco.it\\\/?s={search_term_string}\"},\"query-input\":{\"@type\":\"PropertyValueSpecification\",\"valueRequired\":true,\"valueName\":\"search_term_string\"}}],\"inLanguage\":\"de\"},{\"@type\":\"Organization\",\"@id\":\"https:\\\/\\\/www.ferronatoprosecco.it\\\/#organization\",\"name\":\"Ferronato prosecco\",\"url\":\"https:\\\/\\\/www.ferronatoprosecco.it\\\/\",\"logo\":{\"@type\":\"ImageObject\",\"inLanguage\":\"de\",\"@id\":\"https:\\\/\\\/www.ferronatoprosecco.it\\\/#\\\/schema\\\/logo\\\/image\\\/\",\"url\":\"https:\\\/\\\/www.ferronatoprosecco.it\\\/wp-content\\\/uploads\\\/2021\\\/07\\\/logoferronatoprosecco.png\",\"contentUrl\":\"https:\\\/\\\/www.ferronatoprosecco.it\\\/wp-content\\\/uploads\\\/2021\\\/07\\\/logoferronatoprosecco.png\",\"width\":834,\"height\":1181,\"caption\":\"Ferronato prosecco\"},\"image\":{\"@id\":\"https:\\\/\\\/www.ferronatoprosecco.it\\\/#\\\/schema\\\/logo\\\/image\\\/\"}}]}<\/script>\n<!-- \/ Yoast SEO plugin. -->","yoast_head_json":{"title":"Prosecco Valdobbiadene DOCG und die Prosecco-Route","description":"Die Prosecco-Route ist eine Route, die den Liebhabern des Prosecco di Valdobbiadene DOCG gewidmet ist. Lesen Sie den Artikel und entdecken Sie die Etappen","robots":{"index":"index","follow":"follow","max-snippet":"max-snippet:-1","max-image-preview":"max-image-preview:large","max-video-preview":"max-video-preview:-1"},"canonical":"https:\/\/www.ferronatoprosecco.it\/de\/territorium\/prosecco-strasse\/","og_locale":"de_DE","og_type":"article","og_title":"Prosecco Valdobbiadene DOCG und die Prosecco-Route","og_description":"Die Prosecco-Route ist eine Route, die den Liebhabern des Prosecco di Valdobbiadene DOCG gewidmet ist. Lesen Sie den Artikel und entdecken Sie die Etappen","og_url":"https:\/\/www.ferronatoprosecco.it\/de\/territorium\/prosecco-strasse\/","og_site_name":"Ferronato prosecco","twitter_card":"summary_large_image","twitter_misc":{"Gesch\u00e4tzte Lesezeit":"1\u00a0Minute"},"schema":{"@context":"https:\/\/schema.org","@graph":[{"@type":"WebPage","@id":"https:\/\/www.ferronatoprosecco.it\/de\/territorium\/prosecco-strasse\/","url":"https:\/\/www.ferronatoprosecco.it\/de\/territorium\/prosecco-strasse\/","name":"Prosecco Valdobbiadene DOCG und die Prosecco-Route","isPartOf":{"@id":"https:\/\/www.ferronatoprosecco.it\/#website"},"datePublished":"2021-07-20T10:07:12+00:00","description":"Die Prosecco-Route ist eine Route, die den Liebhabern des Prosecco di Valdobbiadene DOCG gewidmet ist. Lesen Sie den Artikel und entdecken Sie die Etappen","breadcrumb":{"@id":"https:\/\/www.ferronatoprosecco.it\/de\/territorium\/prosecco-strasse\/#breadcrumb"},"inLanguage":"de","potentialAction":[{"@type":"ReadAction","target":["https:\/\/www.ferronatoprosecco.it\/de\/territorium\/prosecco-strasse\/"]}]},{"@type":"BreadcrumbList","@id":"https:\/\/www.ferronatoprosecco.it\/de\/territorium\/prosecco-strasse\/#breadcrumb","itemListElement":[{"@type":"ListItem","position":1,"name":"Home","item":"https:\/\/www.ferronatoprosecco.it\/"},{"@type":"ListItem","position":2,"name":"Territorium","item":"https:\/\/www.ferronatoprosecco.it\/de\/territorium\/"},{"@type":"ListItem","position":3,"name":"Prosecco-Stra\u00dfe"}]},{"@type":"WebSite","@id":"https:\/\/www.ferronatoprosecco.it\/#website","url":"https:\/\/www.ferronatoprosecco.it\/","name":"Ferronato prosecco","description":"","publisher":{"@id":"https:\/\/www.ferronatoprosecco.it\/#organization"},"potentialAction":[{"@type":"SearchAction","target":{"@type":"EntryPoint","urlTemplate":"https:\/\/www.ferronatoprosecco.it\/?s={search_term_string}"},"query-input":{"@type":"PropertyValueSpecification","valueRequired":true,"valueName":"search_term_string"}}],"inLanguage":"de"},{"@type":"Organization","@id":"https:\/\/www.ferronatoprosecco.it\/#organization","name":"Ferronato prosecco","url":"https:\/\/www.ferronatoprosecco.it\/","logo":{"@type":"ImageObject","inLanguage":"de","@id":"https:\/\/www.ferronatoprosecco.it\/#\/schema\/logo\/image\/","url":"https:\/\/www.ferronatoprosecco.it\/wp-content\/uploads\/2021\/07\/logoferronatoprosecco.png","contentUrl":"https:\/\/www.ferronatoprosecco.it\/wp-content\/uploads\/2021\/07\/logoferronatoprosecco.png","width":834,"height":1181,"caption":"Ferronato prosecco"},"image":{"@id":"https:\/\/www.ferronatoprosecco.it\/#\/schema\/logo\/image\/"}}]}},"_links":{"self":[{"href":"https:\/\/www.ferronatoprosecco.it\/de\/wp-json\/wp\/v2\/pages\/541","targetHints":{"allow":["GET"]}}],"collection":[{"href":"https:\/\/www.ferronatoprosecco.it\/de\/wp-json\/wp\/v2\/pages"}],"about":[{"href":"https:\/\/www.ferronatoprosecco.it\/de\/wp-json\/wp\/v2\/types\/page"}],"author":[{"embeddable":true,"href":"https:\/\/www.ferronatoprosecco.it\/de\/wp-json\/wp\/v2\/users\/1"}],"replies":[{"embeddable":true,"href":"https:\/\/www.ferronatoprosecco.it\/de\/wp-json\/wp\/v2\/comments?post=541"}],"version-history":[{"count":0,"href":"https:\/\/www.ferronatoprosecco.it\/de\/wp-json\/wp\/v2\/pages\/541\/revisions"}],"up":[{"embeddable":true,"href":"https:\/\/www.ferronatoprosecco.it\/de\/wp-json\/wp\/v2\/pages\/545"}],"wp:attachment":[{"href":"https:\/\/www.ferronatoprosecco.it\/de\/wp-json\/wp\/v2\/media?parent=541"}],"curies":[{"name":"wp","href":"https:\/\/api.w.org\/{rel}","templated":true}]}}