{"id":3493,"date":"2026-05-04T11:02:15","date_gmt":"2026-05-04T09:02:15","guid":{"rendered":"https:\/\/www.ferronatoprosecco.it\/news\/"},"modified":"2026-05-04T11:02:16","modified_gmt":"2026-05-04T09:02:16","slug":"news","status":"publish","type":"page","link":"https:\/\/www.ferronatoprosecco.it\/de\/news\/","title":{"rendered":"News"},"content":{"rendered":"\t\t<div data-elementor-type=\"wp-page\" data-elementor-id=\"3493\" class=\"elementor elementor-3493 elementor-3390\" data-elementor-post-type=\"page\">\n\t\t\t\t\t\t<section class=\"elementor-section elementor-top-section elementor-element elementor-element-79cb2d5 elementor-section-full_width elementor-section-height-default elementor-section-height-default\" data-id=\"79cb2d5\" data-element_type=\"section\" data-e-type=\"section\">\n\t\t\t\t\t\t<div class=\"elementor-container elementor-column-gap-default\">\n\t\t\t\t\t<div class=\"elementor-column elementor-col-100 elementor-top-column elementor-element elementor-element-c10604a\" data-id=\"c10604a\" data-element_type=\"column\" data-e-type=\"column\">\n\t\t\t<div class=\"elementor-widget-wrap elementor-element-populated\">\n\t\t\t\t\t\t<div class=\"elementor-element elementor-element-63ce97c elementor--h-position-center elementor--v-position-middle elementor-arrows-position-inside elementor-pagination-position-inside elementor-widget elementor-widget-slides\" data-id=\"63ce97c\" data-element_type=\"widget\" data-e-type=\"widget\" data-settings=\"{&quot;navigation&quot;:&quot;both&quot;,&quot;autoplay&quot;:&quot;yes&quot;,&quot;pause_on_hover&quot;:&quot;yes&quot;,&quot;pause_on_interaction&quot;:&quot;yes&quot;,&quot;autoplay_speed&quot;:5000,&quot;infinite&quot;:&quot;yes&quot;,&quot;transition&quot;:&quot;slide&quot;,&quot;transition_speed&quot;:500}\" data-widget_type=\"slides.default\">\n\t\t\t\t<div class=\"elementor-widget-container\">\n\t\t\t\t\t\t\t\t\t<div class=\"elementor-swiper\">\n\t\t\t\t\t<div class=\"elementor-slides-wrapper elementor-main-swiper swiper\" role=\"region\" aria-roledescription=\"carousel\" aria-label=\"Slides\" dir=\"ltr\" data-animation=\"fadeInUp\">\n\t\t\t\t<div class=\"swiper-wrapper elementor-slides\">\n\t\t\t\t\t\t\t\t\t\t<div class=\"elementor-repeater-item-6ea3e02 swiper-slide\" role=\"group\" aria-roledescription=\"slide\"><div class=\"swiper-slide-bg elementor-ken-burns elementor-ken-burns--in\" role=\"img\" aria-label=\"vineyard-428041_1920\"><\/div><div class=\"swiper-slide-inner\" ><div class=\"swiper-slide-contents\"><div class=\"elementor-slide-heading\">News<\/div><div class=\"elementor-slide-description\"><p>Die Leidenschaft f\u00fcr Wein ist die Essenz der Familie Ferronato, die jeden Tag in einer Umgebung gelebt wird, die ein wesentlicher Bestandteil der Natur ist.<\/p>\n<\/div><\/div><\/div><\/div>\t\t\t\t<\/div>\n\t\t\t\t\t\t\t<\/div>\n\t\t\t\t<\/div>\n\t\t\t\t\t\t\t\t<\/div>\n\t\t\t\t<\/div>\n\t\t\t\t\t<\/div>\n\t\t<\/div>\n\t\t\t\t\t<\/div>\n\t\t<\/section>\n\t\t\t\t<section class=\"elementor-section elementor-top-section elementor-element elementor-element-1f288ec elementor-section-full_width elementor-section-height-default elementor-section-height-default\" data-id=\"1f288ec\" data-element_type=\"section\" data-e-type=\"section\" data-settings=\"{&quot;background_background&quot;:&quot;classic&quot;}\">\n\t\t\t\t\t\t<div class=\"elementor-container elementor-column-gap-default\">\n\t\t\t\t\t<div class=\"elementor-column elementor-col-100 elementor-top-column elementor-element elementor-element-1032166\" data-id=\"1032166\" data-element_type=\"column\" data-e-type=\"column\" data-settings=\"{&quot;background_background&quot;:&quot;classic&quot;}\">\n\t\t\t<div class=\"elementor-widget-wrap elementor-element-populated\">\n\t\t\t\t\t\t<div class=\"elementor-element elementor-element-61147bd elementor-widget-divider--view-line elementor-widget elementor-widget-divider\" data-id=\"61147bd\" data-element_type=\"widget\" data-e-type=\"widget\" data-widget_type=\"divider.default\">\n\t\t\t\t<div class=\"elementor-widget-container\">\n\t\t\t\t\t\t\t<div class=\"elementor-divider\">\n\t\t\t<span class=\"elementor-divider-separator\">\n\t\t\t\t\t\t<\/span>\n\t\t<\/div>\n\t\t\t\t\t\t<\/div>\n\t\t\t\t<\/div>\n\t\t\t\t<div class=\"elementor-element elementor-element-a7e9c8c elementor-widget elementor-widget-heading\" data-id=\"a7e9c8c\" data-element_type=\"widget\" data-e-type=\"widget\" data-widget_type=\"heading.default\">\n\t\t\t\t<div class=\"elementor-widget-container\">\n\t\t\t\t\t<h1 class=\"elementor-heading-title elementor-size-default\">Neues aus den Prosecco-H\u00fcgeln<\/h1>\t\t\t\t<\/div>\n\t\t\t\t<\/div>\n\t\t\t\t<div class=\"elementor-element elementor-element-a7aa2fb elementor-widget elementor-widget-text-editor\" data-id=\"a7aa2fb\" data-element_type=\"widget\" data-e-type=\"widget\" data-widget_type=\"text-editor.default\">\n\t\t\t\t<div class=\"elementor-widget-container\">\n\t\t\t\t\t\t\t\t\t<p>Die Leidenschaft f\u00fcr den Wein ist die Essenz der Familie Ferronato \u2013 jeden Tag gelebt in einer Umgebung, die fester Bestandteil der Natur ist.<\/p>\n\t\t\t\t\t\t\t\t<\/div>\n\t\t\t\t<\/div>\n\t\t\t\t<div class=\"elementor-element elementor-element-0ab6c23 elementor-grid-3 elementor-grid-tablet-2 elementor-grid-mobile-1 elementor-posts--thumbnail-top elementor-card-shadow-yes elementor-posts__hover-gradient elementor-widget elementor-widget-posts\" data-id=\"0ab6c23\" data-element_type=\"widget\" data-e-type=\"widget\" data-settings=\"{&quot;cards_columns&quot;:&quot;3&quot;,&quot;cards_columns_tablet&quot;:&quot;2&quot;,&quot;cards_columns_mobile&quot;:&quot;1&quot;,&quot;cards_row_gap&quot;:{&quot;unit&quot;:&quot;px&quot;,&quot;size&quot;:35,&quot;sizes&quot;:[]},&quot;cards_row_gap_tablet&quot;:{&quot;unit&quot;:&quot;px&quot;,&quot;size&quot;:&quot;&quot;,&quot;sizes&quot;:[]},&quot;cards_row_gap_mobile&quot;:{&quot;unit&quot;:&quot;px&quot;,&quot;size&quot;:&quot;&quot;,&quot;sizes&quot;:[]}}\" data-widget_type=\"posts.cards\">\n\t\t\t\t<div class=\"elementor-widget-container\">\n\t\t\t\t\t\t\t<div class=\"elementor-posts-container elementor-posts elementor-posts--skin-cards elementor-grid\" role=\"list\">\n\t\t\t\t<article class=\"elementor-post elementor-grid-item post-3496 post type-post status-publish format-standard has-post-thumbnail hentry category-unkategorisiert entry has-media\" role=\"listitem\">\n\t\t\t<div class=\"elementor-post__card\">\n\t\t\t\t<a class=\"elementor-post__thumbnail__link\" href=\"https:\/\/www.ferronatoprosecco.it\/de\/wie-und-wannman-prosecco-abfuellt-die-technik-des-prosecco-col-fondo\/\" tabindex=\"-1\" ><div class=\"elementor-post__thumbnail\"><img fetchpriority=\"high\" decoding=\"async\" width=\"768\" height=\"430\" src=\"https:\/\/www.ferronatoprosecco.it\/wp-content\/uploads\/2026\/05\/uva-glera-imbottigliare-il-prosecco-768x430.jpg\" class=\"attachment-medium_large size-medium_large wp-image-3487\" alt=\"uva glera -imbottigliare il prosecco\" srcset=\"https:\/\/www.ferronatoprosecco.it\/wp-content\/uploads\/2026\/05\/uva-glera-imbottigliare-il-prosecco-768x430.jpg 768w, https:\/\/www.ferronatoprosecco.it\/wp-content\/uploads\/2026\/05\/uva-glera-imbottigliare-il-prosecco-300x168.jpg 300w, https:\/\/www.ferronatoprosecco.it\/wp-content\/uploads\/2026\/05\/uva-glera-imbottigliare-il-prosecco-1024x574.jpg 1024w, https:\/\/www.ferronatoprosecco.it\/wp-content\/uploads\/2026\/05\/uva-glera-imbottigliare-il-prosecco-1536x861.jpg 1536w, https:\/\/www.ferronatoprosecco.it\/wp-content\/uploads\/2026\/05\/uva-glera-imbottigliare-il-prosecco.jpg 2000w\" sizes=\"(max-width: 768px) 100vw, 768px\" \/><\/div><\/a>\n\t\t\t\t<div class=\"elementor-post__text\">\n\t\t\t\t<h3 class=\"elementor-post__title\">\n\t\t\t<a href=\"https:\/\/www.ferronatoprosecco.it\/de\/wie-und-wannman-prosecco-abfuellt-die-technik-des-prosecco-col-fondo\/\" >\n\t\t\t\tWie und wannman Prosecco abf\u00fcllt: Die Technik des \u201eProsecco col fondo\u201c\t\t\t<\/a>\n\t\t<\/h3>\n\t\t\t\t<div class=\"elementor-post__excerpt\">\n\t\t\t<p>Das Abf\u00fcllen von Prosecco ist ein Ritual, das technische Pr\u00e4zision mit handwerklicher Hingabe verbindet. Obwohl die heutige industrielle Produktion die Charmat-Methode (Tankg\u00e4rung) bevorzugt, erlebt der Charme des \u201eProsecco col fondo\u201c (also des in der Flasche nachgeg\u00e4rten Weins) dank der Wiederentdeckung der Metodo Ancestrale (Ahnenmethode) ein gewaltiges Comeback. Es handelt sich<\/p>\n\t\t<\/div>\n\t\t\n\t\t<a class=\"elementor-post__read-more\" href=\"https:\/\/www.ferronatoprosecco.it\/de\/wie-und-wannman-prosecco-abfuellt-die-technik-des-prosecco-col-fondo\/\" aria-label=\"Mehr \u00fcber Wie und wannman Prosecco abf\u00fcllt: Die Technik des \u201eProsecco col fondo\u201c\" tabindex=\"-1\" >\n\t\t\tWeiterlesen \u00bb\t\t<\/a>\n\n\t\t\t\t<\/div>\n\t\t\t\t<div class=\"elementor-post__meta-data\">\n\t\t\t\t\t<span class=\"elementor-post-date\">\n\t\t\t4. Mai 2026\t\t<\/span>\n\t\t\t\t<\/div>\n\t\t\t\t\t<\/div>\n\t\t<\/article>\n\t\t\t\t<article class=\"elementor-post elementor-grid-item post-3481 post type-post status-publish format-standard has-post-thumbnail hentry category-unkategorisiert entry has-media\" role=\"listitem\">\n\t\t\t<div class=\"elementor-post__card\">\n\t\t\t\t<a class=\"elementor-post__thumbnail__link\" href=\"https:\/\/www.ferronatoprosecco.it\/de\/70-austellung-des-prosecco-di-valdobbiadene-docg\/\" tabindex=\"-1\" ><div class=\"elementor-post__thumbnail\"><img decoding=\"async\" width=\"768\" height=\"512\" src=\"https:\/\/www.ferronatoprosecco.it\/wp-content\/uploads\/2026\/05\/Foto-san-vigilio-768x512.jpg\" class=\"attachment-medium_large size-medium_large wp-image-3475\" alt=\"prosecco di Valdobbiadene DOCG\" srcset=\"https:\/\/www.ferronatoprosecco.it\/wp-content\/uploads\/2026\/05\/Foto-san-vigilio-768x512.jpg 768w, https:\/\/www.ferronatoprosecco.it\/wp-content\/uploads\/2026\/05\/Foto-san-vigilio-300x200.jpg 300w, https:\/\/www.ferronatoprosecco.it\/wp-content\/uploads\/2026\/05\/Foto-san-vigilio-1024x682.jpg 1024w, https:\/\/www.ferronatoprosecco.it\/wp-content\/uploads\/2026\/05\/Foto-san-vigilio-1536x1023.jpg 1536w, https:\/\/www.ferronatoprosecco.it\/wp-content\/uploads\/2026\/05\/Foto-san-vigilio.jpg 2048w\" sizes=\"(max-width: 768px) 100vw, 768px\" \/><\/div><\/a>\n\t\t\t\t<div class=\"elementor-post__text\">\n\t\t\t\t<h3 class=\"elementor-post__title\">\n\t\t\t<a href=\"https:\/\/www.ferronatoprosecco.it\/de\/70-austellung-des-prosecco-di-valdobbiadene-docg\/\" >\n\t\t\t\t70. Austellung des Prosecco di Valdobbiadene DOCG\t\t\t<\/a>\n\t\t<\/h3>\n\t\t\t\t<div class=\"elementor-post__excerpt\">\n\t\t\t<p>Diese Veranstaltung hat ihren Ursprung in den 1950er Jahren, als eine Gruppe lokaler Winzer beschloss, den Kirchg\u00e4ngern nach der Messe ein Glas Prosecco anzubieten, um ihr Produkt als Zeichen der Gastfreundschaft und Geselligkeit zu teilen. Diese \u00fcber die Jahre hinweg gepflegte Geste entwickelte sich zu einer immer strukturierteren Schau, bis<\/p>\n\t\t<\/div>\n\t\t\n\t\t<a class=\"elementor-post__read-more\" href=\"https:\/\/www.ferronatoprosecco.it\/de\/70-austellung-des-prosecco-di-valdobbiadene-docg\/\" aria-label=\"Mehr \u00fcber 70. Austellung des Prosecco di Valdobbiadene DOCG\" tabindex=\"-1\" >\n\t\t\tWeiterlesen \u00bb\t\t<\/a>\n\n\t\t\t\t<\/div>\n\t\t\t\t<div class=\"elementor-post__meta-data\">\n\t\t\t\t\t<span class=\"elementor-post-date\">\n\t\t\t4. Mai 2026\t\t<\/span>\n\t\t\t\t<\/div>\n\t\t\t\t\t<\/div>\n\t\t<\/article>\n\t\t\t\t<\/div>\n\t\t\n\t\t\t\t\t\t<\/div>\n\t\t\t\t<\/div>\n\t\t\t\t<div class=\"elementor-element elementor-element-7524899 elementor-widget-divider--view-line elementor-widget elementor-widget-divider\" data-id=\"7524899\" data-element_type=\"widget\" data-e-type=\"widget\" data-widget_type=\"divider.default\">\n\t\t\t\t<div class=\"elementor-widget-container\">\n\t\t\t\t\t\t\t<div class=\"elementor-divider\">\n\t\t\t<span class=\"elementor-divider-separator\">\n\t\t\t\t\t\t<\/span>\n\t\t<\/div>\n\t\t\t\t\t\t<\/div>\n\t\t\t\t<\/div>\n\t\t\t\t\t<\/div>\n\t\t<\/div>\n\t\t\t\t\t<\/div>\n\t\t<\/section>\n\t\t\t\t<\/div>\n\t\t","protected":false},"excerpt":{"rendered":"<p>News Die Leidenschaft f\u00fcr Wein ist die Essenz der Familie Ferronato, die jeden Tag in einer Umgebung gelebt wird, die ein wesentlicher Bestandteil der Natur ist. Neues aus den Prosecco-H\u00fcgeln Die Leidenschaft f\u00fcr den Wein ist die Essenz der Familie Ferronato \u2013 jeden Tag gelebt in einer Umgebung, die fester Bestandteil der Natur ist.<\/p>\n","protected":false},"author":1,"featured_media":0,"parent":0,"menu_order":0,"comment_status":"closed","ping_status":"closed","template":"elementor_header_footer","meta":{"ocean_post_layout":"","ocean_both_sidebars_style":"","ocean_both_sidebars_content_width":0,"ocean_both_sidebars_sidebars_width":0,"ocean_sidebar":"","ocean_second_sidebar":"","ocean_disable_margins":"enable","ocean_add_body_class":"","ocean_shortcode_before_top_bar":"","ocean_shortcode_after_top_bar":"","ocean_shortcode_before_header":"","ocean_shortcode_after_header":"","ocean_has_shortcode":"","ocean_shortcode_after_title":"","ocean_shortcode_before_footer_widgets":"","ocean_shortcode_after_footer_widgets":"","ocean_shortcode_before_footer_bottom":"","ocean_shortcode_after_footer_bottom":"","ocean_display_top_bar":"default","ocean_display_header":"default","ocean_header_style":"","ocean_center_header_left_menu":"","ocean_custom_header_template":"","ocean_custom_logo":0,"ocean_custom_retina_logo":0,"ocean_custom_logo_max_width":0,"ocean_custom_logo_tablet_max_width":0,"ocean_custom_logo_mobile_max_width":0,"ocean_custom_logo_max_height":0,"ocean_custom_logo_tablet_max_height":0,"ocean_custom_logo_mobile_max_height":0,"ocean_header_custom_menu":"","ocean_menu_typo_font_family":"","ocean_menu_typo_font_subset":"","ocean_menu_typo_font_size":0,"ocean_menu_typo_font_size_tablet":0,"ocean_menu_typo_font_size_mobile":0,"ocean_menu_typo_font_size_unit":"px","ocean_menu_typo_font_weight":"","ocean_menu_typo_font_weight_tablet":"","ocean_menu_typo_font_weight_mobile":"","ocean_menu_typo_transform":"","ocean_menu_typo_transform_tablet":"","ocean_menu_typo_transform_mobile":"","ocean_menu_typo_line_height":0,"ocean_menu_typo_line_height_tablet":0,"ocean_menu_typo_line_height_mobile":0,"ocean_menu_typo_line_height_unit":"","ocean_menu_typo_spacing":0,"ocean_menu_typo_spacing_tablet":0,"ocean_menu_typo_spacing_mobile":0,"ocean_menu_typo_spacing_unit":"","ocean_menu_link_color":"","ocean_menu_link_color_hover":"","ocean_menu_link_color_active":"","ocean_menu_link_background":"","ocean_menu_link_hover_background":"","ocean_menu_link_active_background":"","ocean_menu_social_links_bg":"","ocean_menu_social_hover_links_bg":"","ocean_menu_social_links_color":"","ocean_menu_social_hover_links_color":"","ocean_disable_title":"default","ocean_disable_heading":"default","ocean_post_title":"","ocean_post_subheading":"","ocean_post_title_style":"","ocean_post_title_background_color":"","ocean_post_title_background":0,"ocean_post_title_bg_image_position":"","ocean_post_title_bg_image_attachment":"","ocean_post_title_bg_image_repeat":"","ocean_post_title_bg_image_size":"","ocean_post_title_height":0,"ocean_post_title_bg_overlay":0.5,"ocean_post_title_bg_overlay_color":"","ocean_disable_breadcrumbs":"default","ocean_breadcrumbs_color":"","ocean_breadcrumbs_separator_color":"","ocean_breadcrumbs_links_color":"","ocean_breadcrumbs_links_hover_color":"","ocean_display_footer_widgets":"default","ocean_display_footer_bottom":"default","ocean_custom_footer_template":"","footnotes":""},"class_list":["post-3493","page","type-page","status-publish","hentry","entry","has-media"],"yoast_head":"<!-- This site is optimized with the Yoast SEO plugin v27.5 - https:\/\/yoast.com\/product\/yoast-seo-wordpress\/ -->\n<title>News - Ferronato prosecco<\/title>\n<meta name=\"robots\" content=\"index, follow, max-snippet:-1, max-image-preview:large, max-video-preview:-1\" \/>\n<link rel=\"canonical\" href=\"https:\/\/www.ferronatoprosecco.it\/news\/\" \/>\n<meta property=\"og:locale\" content=\"de_DE\" \/>\n<meta property=\"og:type\" content=\"article\" \/>\n<meta property=\"og:title\" content=\"News - Ferronato prosecco\" \/>\n<meta property=\"og:description\" content=\"News Die Leidenschaft f\u00fcr Wein ist die Essenz der Familie Ferronato, die jeden Tag in einer Umgebung gelebt wird, die ein wesentlicher Bestandteil der Natur ist. Neues aus den Prosecco-H\u00fcgeln Die Leidenschaft f\u00fcr den Wein ist die Essenz der Familie Ferronato \u2013 jeden Tag gelebt in einer Umgebung, die fester Bestandteil der Natur ist.\" \/>\n<meta property=\"og:url\" content=\"https:\/\/www.ferronatoprosecco.it\/news\/\" \/>\n<meta property=\"og:site_name\" content=\"Ferronato prosecco\" \/>\n<meta property=\"article:modified_time\" content=\"2026-05-04T09:02:16+00:00\" \/>\n<meta name=\"twitter:card\" content=\"summary_large_image\" \/>\n<script type=\"application\/ld+json\" class=\"yoast-schema-graph\">{\"@context\":\"https:\\\/\\\/schema.org\",\"@graph\":[{\"@type\":\"WebPage\",\"@id\":\"https:\\\/\\\/www.ferronatoprosecco.it\\\/news\\\/\",\"url\":\"https:\\\/\\\/www.ferronatoprosecco.it\\\/news\\\/\",\"name\":\"News - Ferronato prosecco\",\"isPartOf\":{\"@id\":\"https:\\\/\\\/www.ferronatoprosecco.it\\\/#website\"},\"datePublished\":\"2026-05-04T09:02:15+00:00\",\"dateModified\":\"2026-05-04T09:02:16+00:00\",\"breadcrumb\":{\"@id\":\"https:\\\/\\\/www.ferronatoprosecco.it\\\/news\\\/#breadcrumb\"},\"inLanguage\":\"de\",\"potentialAction\":[{\"@type\":\"ReadAction\",\"target\":[\"https:\\\/\\\/www.ferronatoprosecco.it\\\/news\\\/\"]}]},{\"@type\":\"BreadcrumbList\",\"@id\":\"https:\\\/\\\/www.ferronatoprosecco.it\\\/news\\\/#breadcrumb\",\"itemListElement\":[{\"@type\":\"ListItem\",\"position\":1,\"name\":\"Home\",\"item\":\"https:\\\/\\\/www.ferronatoprosecco.it\\\/\"},{\"@type\":\"ListItem\",\"position\":2,\"name\":\"News\"}]},{\"@type\":\"WebSite\",\"@id\":\"https:\\\/\\\/www.ferronatoprosecco.it\\\/#website\",\"url\":\"https:\\\/\\\/www.ferronatoprosecco.it\\\/\",\"name\":\"Ferronato prosecco\",\"description\":\"\",\"publisher\":{\"@id\":\"https:\\\/\\\/www.ferronatoprosecco.it\\\/#organization\"},\"potentialAction\":[{\"@type\":\"SearchAction\",\"target\":{\"@type\":\"EntryPoint\",\"urlTemplate\":\"https:\\\/\\\/www.ferronatoprosecco.it\\\/?s={search_term_string}\"},\"query-input\":{\"@type\":\"PropertyValueSpecification\",\"valueRequired\":true,\"valueName\":\"search_term_string\"}}],\"inLanguage\":\"de\"},{\"@type\":\"Organization\",\"@id\":\"https:\\\/\\\/www.ferronatoprosecco.it\\\/#organization\",\"name\":\"Ferronato prosecco\",\"url\":\"https:\\\/\\\/www.ferronatoprosecco.it\\\/\",\"logo\":{\"@type\":\"ImageObject\",\"inLanguage\":\"de\",\"@id\":\"https:\\\/\\\/www.ferronatoprosecco.it\\\/#\\\/schema\\\/logo\\\/image\\\/\",\"url\":\"https:\\\/\\\/www.ferronatoprosecco.it\\\/wp-content\\\/uploads\\\/2021\\\/07\\\/logoferronatoprosecco.png\",\"contentUrl\":\"https:\\\/\\\/www.ferronatoprosecco.it\\\/wp-content\\\/uploads\\\/2021\\\/07\\\/logoferronatoprosecco.png\",\"width\":834,\"height\":1181,\"caption\":\"Ferronato prosecco\"},\"image\":{\"@id\":\"https:\\\/\\\/www.ferronatoprosecco.it\\\/#\\\/schema\\\/logo\\\/image\\\/\"}}]}<\/script>\n<!-- \/ Yoast SEO plugin. -->","yoast_head_json":{"title":"News - Ferronato prosecco","robots":{"index":"index","follow":"follow","max-snippet":"max-snippet:-1","max-image-preview":"max-image-preview:large","max-video-preview":"max-video-preview:-1"},"canonical":"https:\/\/www.ferronatoprosecco.it\/news\/","og_locale":"de_DE","og_type":"article","og_title":"News - Ferronato prosecco","og_description":"News Die Leidenschaft f\u00fcr Wein ist die Essenz der Familie Ferronato, die jeden Tag in einer Umgebung gelebt wird, die ein wesentlicher Bestandteil der Natur ist. Neues aus den Prosecco-H\u00fcgeln Die Leidenschaft f\u00fcr den Wein ist die Essenz der Familie Ferronato \u2013 jeden Tag gelebt in einer Umgebung, die fester Bestandteil der Natur ist.","og_url":"https:\/\/www.ferronatoprosecco.it\/news\/","og_site_name":"Ferronato prosecco","article_modified_time":"2026-05-04T09:02:16+00:00","twitter_card":"summary_large_image","schema":{"@context":"https:\/\/schema.org","@graph":[{"@type":"WebPage","@id":"https:\/\/www.ferronatoprosecco.it\/news\/","url":"https:\/\/www.ferronatoprosecco.it\/news\/","name":"News - Ferronato prosecco","isPartOf":{"@id":"https:\/\/www.ferronatoprosecco.it\/#website"},"datePublished":"2026-05-04T09:02:15+00:00","dateModified":"2026-05-04T09:02:16+00:00","breadcrumb":{"@id":"https:\/\/www.ferronatoprosecco.it\/news\/#breadcrumb"},"inLanguage":"de","potentialAction":[{"@type":"ReadAction","target":["https:\/\/www.ferronatoprosecco.it\/news\/"]}]},{"@type":"BreadcrumbList","@id":"https:\/\/www.ferronatoprosecco.it\/news\/#breadcrumb","itemListElement":[{"@type":"ListItem","position":1,"name":"Home","item":"https:\/\/www.ferronatoprosecco.it\/"},{"@type":"ListItem","position":2,"name":"News"}]},{"@type":"WebSite","@id":"https:\/\/www.ferronatoprosecco.it\/#website","url":"https:\/\/www.ferronatoprosecco.it\/","name":"Ferronato prosecco","description":"","publisher":{"@id":"https:\/\/www.ferronatoprosecco.it\/#organization"},"potentialAction":[{"@type":"SearchAction","target":{"@type":"EntryPoint","urlTemplate":"https:\/\/www.ferronatoprosecco.it\/?s={search_term_string}"},"query-input":{"@type":"PropertyValueSpecification","valueRequired":true,"valueName":"search_term_string"}}],"inLanguage":"de"},{"@type":"Organization","@id":"https:\/\/www.ferronatoprosecco.it\/#organization","name":"Ferronato prosecco","url":"https:\/\/www.ferronatoprosecco.it\/","logo":{"@type":"ImageObject","inLanguage":"de","@id":"https:\/\/www.ferronatoprosecco.it\/#\/schema\/logo\/image\/","url":"https:\/\/www.ferronatoprosecco.it\/wp-content\/uploads\/2021\/07\/logoferronatoprosecco.png","contentUrl":"https:\/\/www.ferronatoprosecco.it\/wp-content\/uploads\/2021\/07\/logoferronatoprosecco.png","width":834,"height":1181,"caption":"Ferronato prosecco"},"image":{"@id":"https:\/\/www.ferronatoprosecco.it\/#\/schema\/logo\/image\/"}}]}},"_links":{"self":[{"href":"https:\/\/www.ferronatoprosecco.it\/de\/wp-json\/wp\/v2\/pages\/3493","targetHints":{"allow":["GET"]}}],"collection":[{"href":"https:\/\/www.ferronatoprosecco.it\/de\/wp-json\/wp\/v2\/pages"}],"about":[{"href":"https:\/\/www.ferronatoprosecco.it\/de\/wp-json\/wp\/v2\/types\/page"}],"author":[{"embeddable":true,"href":"https:\/\/www.ferronatoprosecco.it\/de\/wp-json\/wp\/v2\/users\/1"}],"replies":[{"embeddable":true,"href":"https:\/\/www.ferronatoprosecco.it\/de\/wp-json\/wp\/v2\/comments?post=3493"}],"version-history":[{"count":1,"href":"https:\/\/www.ferronatoprosecco.it\/de\/wp-json\/wp\/v2\/pages\/3493\/revisions"}],"predecessor-version":[{"id":3494,"href":"https:\/\/www.ferronatoprosecco.it\/de\/wp-json\/wp\/v2\/pages\/3493\/revisions\/3494"}],"wp:attachment":[{"href":"https:\/\/www.ferronatoprosecco.it\/de\/wp-json\/wp\/v2\/media?parent=3493"}],"curies":[{"name":"wp","href":"https:\/\/api.w.org\/{rel}","templated":true}]}}